{"id":2601,"date":"2023-12-09T10:27:09","date_gmt":"2023-12-09T10:27:09","guid":{"rendered":"https:\/\/stahlvverk.dk\/?page_id=2601"},"modified":"2024-02-19T11:31:22","modified_gmt":"2024-02-19T11:31:22","slug":"videoer","status":"publish","type":"page","link":"https:\/\/stahlvverk.dk\/en\/goodies\/videoer\/","title":{"rendered":"Videos"},"content":{"rendered":"<style>.kb-row-layout-id2601_c5242d-d0 > .kt-row-column-wrap{align-content:start;}:where(.kb-row-layout-id2601_c5242d-d0 > .kt-row-column-wrap) > .wp-block-kadence-column{justify-content:start;}.kb-row-layout-id2601_c5242d-d0 > .kt-row-column-wrap{column-gap:var(--global-kb-gap-md, 2rem);row-gap:var(--global-kb-gap-md, 2rem);padding-top:var(--global-kb-spacing-sm, 1.5rem);padding-bottom:var(--global-kb-spacing-sm, 1.5rem);}.kb-row-layout-id2601_c5242d-d0 > .kt-row-column-wrap > div:not(.added-for-specificity){grid-column:initial;}.kb-row-layout-id2601_c5242d-d0 > .kt-row-column-wrap{grid-template-columns:minmax(0, 1fr) minmax(0, 2fr) minmax(0, 1fr);}.kb-row-layout-id2601_c5242d-d0 > .kt-row-layout-overlay{opacity:0.30;}@media all and (max-width: 1024px){.kb-row-layout-id2601_c5242d-d0 > .kt-row-column-wrap > div:not(.added-for-specificity){grid-column:initial;}}@media all and (max-width: 1024px){.kb-row-layout-id2601_c5242d-d0 > .kt-row-column-wrap{grid-template-columns:minmax(0, 1fr) minmax(0, 2fr) minmax(0, 1fr);}}@media all and (max-width: 767px){.kb-row-layout-id2601_c5242d-d0 > .kt-row-column-wrap > div:not(.added-for-specificity){grid-column:initial;}.kb-row-layout-id2601_c5242d-d0 > .kt-row-column-wrap{grid-template-columns:minmax(0, 1fr);}}<\/style><div class=\"kb-row-layout-wrap kb-row-layout-id2601_c5242d-d0 alignnone wp-block-kadence-rowlayout\"><div class=\"kt-row-column-wrap kt-has-3-columns kt-row-layout-center-half kt-tab-layout-inherit kt-mobile-layout-row kt-row-valign-top\">\n<style>.kadence-column2601_d32ff8-e1 > .kt-inside-inner-col,.kadence-column2601_d32ff8-e1 > .kt-inside-inner-col:before{border-top-left-radius:0px;border-top-right-radius:0px;border-bottom-right-radius:0px;border-bottom-left-radius:0px;}.kadence-column2601_d32ff8-e1 > .kt-inside-inner-col{column-gap:var(--global-kb-gap-sm, 1rem);}.kadence-column2601_d32ff8-e1 > .kt-inside-inner-col{flex-direction:column;}.kadence-column2601_d32ff8-e1 > .kt-inside-inner-col > .aligncenter{width:100%;}.kadence-column2601_d32ff8-e1 > .kt-inside-inner-col:before{opacity:0.3;}.kadence-column2601_d32ff8-e1{position:relative;}@media all and (max-width: 1024px){.kadence-column2601_d32ff8-e1 > .kt-inside-inner-col{flex-direction:column;justify-content:center;}}@media all and (max-width: 767px){.kadence-column2601_d32ff8-e1 > .kt-inside-inner-col{flex-direction:column;justify-content:center;}}<\/style>\n<div class=\"wp-block-kadence-column kadence-column2601_d32ff8-e1\"><div class=\"kt-inside-inner-col\"><\/div><\/div>\n\n\n<style>.kadence-column2601_caf231-ed > .kt-inside-inner-col,.kadence-column2601_caf231-ed > .kt-inside-inner-col:before{border-top-left-radius:0px;border-top-right-radius:0px;border-bottom-right-radius:0px;border-bottom-left-radius:0px;}.kadence-column2601_caf231-ed > .kt-inside-inner-col{column-gap:var(--global-kb-gap-sm, 1rem);}.kadence-column2601_caf231-ed > .kt-inside-inner-col{flex-direction:column;}.kadence-column2601_caf231-ed > .kt-inside-inner-col > .aligncenter{width:100%;}.kadence-column2601_caf231-ed > .kt-inside-inner-col:before{opacity:0.3;}.kadence-column2601_caf231-ed{position:relative;}@media all and (max-width: 1024px){.kadence-column2601_caf231-ed > .kt-inside-inner-col{flex-direction:column;justify-content:center;}}@media all and (max-width: 767px){.kadence-column2601_caf231-ed > .kt-inside-inner-col{flex-direction:column;justify-content:center;}}<\/style>\n<div class=\"wp-block-kadence-column kadence-column2601_caf231-ed\"><div class=\"kt-inside-inner-col\"><style>.wp-block-kadence-advancedheading.kt-adv-heading2601_646dcc-5a, .wp-block-kadence-advancedheading.kt-adv-heading2601_646dcc-5a[data-kb-block=\"kb-adv-heading2601_646dcc-5a\"]{text-align:center;font-style:normal;}.wp-block-kadence-advancedheading.kt-adv-heading2601_646dcc-5a mark.kt-highlight, .wp-block-kadence-advancedheading.kt-adv-heading2601_646dcc-5a[data-kb-block=\"kb-adv-heading2601_646dcc-5a\"] mark.kt-highlight{font-style:normal;color:#f76a0c;-webkit-box-decoration-break:clone;box-decoration-break:clone;padding-top:0px;padding-right:0px;padding-bottom:0px;padding-left:0px;}.wp-block-kadence-advancedheading.kt-adv-heading2601_646dcc-5a img.kb-inline-image, .wp-block-kadence-advancedheading.kt-adv-heading2601_646dcc-5a[data-kb-block=\"kb-adv-heading2601_646dcc-5a\"] img.kb-inline-image{width:150px;vertical-align:baseline;}<\/style>\n<h1 class=\"kt-adv-heading2601_646dcc-5a wp-block-kadence-advancedheading\" data-kb-block=\"kb-adv-heading2601_646dcc-5a\">Videoer<\/h1>\n<\/div><\/div>\n\n\n<style>.kadence-column2601_0c4dfb-3c > .kt-inside-inner-col,.kadence-column2601_0c4dfb-3c > .kt-inside-inner-col:before{border-top-left-radius:0px;border-top-right-radius:0px;border-bottom-right-radius:0px;border-bottom-left-radius:0px;}.kadence-column2601_0c4dfb-3c > .kt-inside-inner-col{column-gap:var(--global-kb-gap-sm, 1rem);}.kadence-column2601_0c4dfb-3c > .kt-inside-inner-col{flex-direction:column;}.kadence-column2601_0c4dfb-3c > .kt-inside-inner-col > .aligncenter{width:100%;}.kadence-column2601_0c4dfb-3c > .kt-inside-inner-col:before{opacity:0.3;}.kadence-column2601_0c4dfb-3c{position:relative;}@media all and (max-width: 1024px){.kadence-column2601_0c4dfb-3c > .kt-inside-inner-col{flex-direction:column;justify-content:center;}}@media all and (max-width: 767px){.kadence-column2601_0c4dfb-3c > .kt-inside-inner-col{flex-direction:column;justify-content:center;}}<\/style>\n<div class=\"wp-block-kadence-column kadence-column2601_0c4dfb-3c\"><div class=\"kt-inside-inner-col\"><\/div><\/div>\n\n<\/div><\/div>\n\n<style>.kb-row-layout-id2601_d0a3b3-b1 > .kt-row-column-wrap{align-content:start;}:where(.kb-row-layout-id2601_d0a3b3-b1 > .kt-row-column-wrap) > .wp-block-kadence-column{justify-content:start;}.kb-row-layout-id2601_d0a3b3-b1 > .kt-row-column-wrap{column-gap:var(--global-kb-gap-md, 2rem);row-gap:var(--global-kb-gap-md, 2rem);padding-top:var(--global-kb-spacing-sm, 1.5rem);padding-bottom:var(--global-kb-spacing-sm, 1.5rem);}.kb-row-layout-id2601_d0a3b3-b1 > .kt-row-column-wrap > div:not(.added-for-specificity){grid-column:initial;}.kb-row-layout-id2601_d0a3b3-b1 > .kt-row-column-wrap{grid-template-columns:minmax(0, 1fr) minmax(0, 6fr) minmax(0, 1fr);}.kb-row-layout-id2601_d0a3b3-b1 > .kt-row-layout-overlay{opacity:0.30;}@media all and (max-width: 1024px){.kb-row-layout-id2601_d0a3b3-b1 > .kt-row-column-wrap > div:not(.added-for-specificity){grid-column:initial;}}@media all and (max-width: 1024px){.kb-row-layout-id2601_d0a3b3-b1 > .kt-row-column-wrap{grid-template-columns:minmax(0, 1fr) minmax(0, 6fr) minmax(0, 1fr);}}@media all and (max-width: 767px){.kb-row-layout-id2601_d0a3b3-b1 > .kt-row-column-wrap > div:not(.added-for-specificity){grid-column:initial;}.kb-row-layout-id2601_d0a3b3-b1 > .kt-row-column-wrap{grid-template-columns:minmax(0, 1fr);}}<\/style><div class=\"kb-row-layout-wrap kb-row-layout-id2601_d0a3b3-b1 alignnone wp-block-kadence-rowlayout\"><div class=\"kt-row-column-wrap kt-has-3-columns kt-row-layout-center-exwide kt-tab-layout-inherit kt-mobile-layout-row kt-row-valign-top\">\n<style>.kadence-column2601_8f7e2b-9b > .kt-inside-inner-col,.kadence-column2601_8f7e2b-9b > .kt-inside-inner-col:before{border-top-left-radius:0px;border-top-right-radius:0px;border-bottom-right-radius:0px;border-bottom-left-radius:0px;}.kadence-column2601_8f7e2b-9b > .kt-inside-inner-col{column-gap:var(--global-kb-gap-sm, 1rem);}.kadence-column2601_8f7e2b-9b > .kt-inside-inner-col{flex-direction:column;}.kadence-column2601_8f7e2b-9b > .kt-inside-inner-col > .aligncenter{width:100%;}.kadence-column2601_8f7e2b-9b > .kt-inside-inner-col:before{opacity:0.3;}.kadence-column2601_8f7e2b-9b{position:relative;}@media all and (max-width: 1024px){.kadence-column2601_8f7e2b-9b > .kt-inside-inner-col{flex-direction:column;justify-content:center;}}@media all and (max-width: 767px){.kadence-column2601_8f7e2b-9b > .kt-inside-inner-col{flex-direction:column;justify-content:center;}}<\/style>\n<div class=\"wp-block-kadence-column kadence-column2601_8f7e2b-9b\"><div class=\"kt-inside-inner-col\"><\/div><\/div>\n\n\n<style>.kadence-column2601_69fddc-f0 > .kt-inside-inner-col,.kadence-column2601_69fddc-f0 > .kt-inside-inner-col:before{border-top-left-radius:0px;border-top-right-radius:0px;border-bottom-right-radius:0px;border-bottom-left-radius:0px;}.kadence-column2601_69fddc-f0 > .kt-inside-inner-col{column-gap:var(--global-kb-gap-sm, 1rem);}.kadence-column2601_69fddc-f0 > .kt-inside-inner-col{flex-direction:column;}.kadence-column2601_69fddc-f0 > .kt-inside-inner-col > .aligncenter{width:100%;}.kadence-column2601_69fddc-f0 > .kt-inside-inner-col:before{opacity:0.3;}.kadence-column2601_69fddc-f0{position:relative;}@media all and (max-width: 1024px){.kadence-column2601_69fddc-f0 > .kt-inside-inner-col{flex-direction:column;justify-content:center;}}@media all and (max-width: 767px){.kadence-column2601_69fddc-f0 > .kt-inside-inner-col{flex-direction:column;justify-content:center;}}<\/style>\n<div class=\"wp-block-kadence-column kadence-column2601_69fddc-f0\"><div class=\"kt-inside-inner-col\"><style>.wp-block-kadence-advancedheading.kt-adv-heading2601_4f552a-f4, .wp-block-kadence-advancedheading.kt-adv-heading2601_4f552a-f4[data-kb-block=\"kb-adv-heading2601_4f552a-f4\"]{text-align:left;font-style:normal;}.wp-block-kadence-advancedheading.kt-adv-heading2601_4f552a-f4 mark.kt-highlight, .wp-block-kadence-advancedheading.kt-adv-heading2601_4f552a-f4[data-kb-block=\"kb-adv-heading2601_4f552a-f4\"] mark.kt-highlight{font-style:normal;color:#f76a0c;-webkit-box-decoration-break:clone;box-decoration-break:clone;padding-top:0px;padding-right:0px;padding-bottom:0px;padding-left:0px;}.wp-block-kadence-advancedheading.kt-adv-heading2601_4f552a-f4 img.kb-inline-image, .wp-block-kadence-advancedheading.kt-adv-heading2601_4f552a-f4[data-kb-block=\"kb-adv-heading2601_4f552a-f4\"] img.kb-inline-image{width:150px;vertical-align:baseline;}<\/style>\n<p class=\"kt-adv-heading2601_4f552a-f4 wp-block-kadence-advancedheading\" data-kb-block=\"kb-adv-heading2601_4f552a-f4\">Her kan du se forskellige sm\u00e5 videoer, der kort forklarer nogle grundl\u00e6ggende begreber inden for regnskab, bogf\u00f8ring og andet. Jeg vil l\u00f8bende tilf\u00f8je flere videoer, i takt med at jeg f\u00e5r dem lavet \ud83d\ude42<\/p>\n<\/div><\/div>\n\n\n<style>.kadence-column2601_a28b1e-be > .kt-inside-inner-col,.kadence-column2601_a28b1e-be > .kt-inside-inner-col:before{border-top-left-radius:0px;border-top-right-radius:0px;border-bottom-right-radius:0px;border-bottom-left-radius:0px;}.kadence-column2601_a28b1e-be > .kt-inside-inner-col{column-gap:var(--global-kb-gap-sm, 1rem);}.kadence-column2601_a28b1e-be > .kt-inside-inner-col{flex-direction:column;}.kadence-column2601_a28b1e-be > .kt-inside-inner-col > .aligncenter{width:100%;}.kadence-column2601_a28b1e-be > .kt-inside-inner-col:before{opacity:0.3;}.kadence-column2601_a28b1e-be{position:relative;}@media all and (max-width: 1024px){.kadence-column2601_a28b1e-be > .kt-inside-inner-col{flex-direction:column;justify-content:center;}}@media all and (max-width: 767px){.kadence-column2601_a28b1e-be > .kt-inside-inner-col{flex-direction:column;justify-content:center;}}<\/style>\n<div class=\"wp-block-kadence-column kadence-column2601_a28b1e-be\"><div class=\"kt-inside-inner-col\"><\/div><\/div>\n\n<\/div><\/div>\n\n<style>.kb-row-layout-id2601_ad4f08-fa > .kt-row-column-wrap{align-content:start;}:where(.kb-row-layout-id2601_ad4f08-fa > .kt-row-column-wrap) > .wp-block-kadence-column{justify-content:start;}.kb-row-layout-id2601_ad4f08-fa > .kt-row-column-wrap{column-gap:var(--global-kb-gap-md, 2rem);row-gap:var(--global-kb-gap-md, 2rem);padding-top:var(--global-kb-spacing-sm, 1.5rem);padding-bottom:var(--global-kb-spacing-sm, 1.5rem);}.kb-row-layout-id2601_ad4f08-fa > .kt-row-column-wrap > div:not(.added-for-specificity){grid-column:initial;}.kb-row-layout-id2601_ad4f08-fa > .kt-row-column-wrap{grid-template-columns:minmax(0, 1fr) minmax(0, 2fr) minmax(0, 1fr);}.kb-row-layout-id2601_ad4f08-fa > .kt-row-layout-overlay{opacity:0.30;}@media all and (max-width: 1024px){.kb-row-layout-id2601_ad4f08-fa > .kt-row-column-wrap > div:not(.added-for-specificity){grid-column:initial;}}@media all and (max-width: 1024px){.kb-row-layout-id2601_ad4f08-fa > .kt-row-column-wrap{grid-template-columns:minmax(0, 1fr) minmax(0, 2fr) minmax(0, 1fr);}}@media all and (max-width: 767px){.kb-row-layout-id2601_ad4f08-fa > .kt-row-column-wrap > div:not(.added-for-specificity){grid-column:initial;}.kb-row-layout-id2601_ad4f08-fa > .kt-row-column-wrap{grid-template-columns:minmax(0, 1fr);}}<\/style><div class=\"kb-row-layout-wrap kb-row-layout-id2601_ad4f08-fa alignnone wp-block-kadence-rowlayout\"><div class=\"kt-row-column-wrap kt-has-3-columns kt-row-layout-center-half kt-tab-layout-inherit kt-mobile-layout-row kt-row-valign-top\">\n<style>.kadence-column2601_768dd2-60 > .kt-inside-inner-col,.kadence-column2601_768dd2-60 > .kt-inside-inner-col:before{border-top-left-radius:0px;border-top-right-radius:0px;border-bottom-right-radius:0px;border-bottom-left-radius:0px;}.kadence-column2601_768dd2-60 > .kt-inside-inner-col{column-gap:var(--global-kb-gap-sm, 1rem);}.kadence-column2601_768dd2-60 > .kt-inside-inner-col{flex-direction:column;}.kadence-column2601_768dd2-60 > .kt-inside-inner-col > .aligncenter{width:100%;}.kadence-column2601_768dd2-60 > .kt-inside-inner-col:before{opacity:0.3;}.kadence-column2601_768dd2-60{position:relative;}@media all and (max-width: 1024px){.kadence-column2601_768dd2-60 > .kt-inside-inner-col{flex-direction:column;justify-content:center;}}@media all and (max-width: 767px){.kadence-column2601_768dd2-60 > .kt-inside-inner-col{flex-direction:column;justify-content:center;}}<\/style>\n<div class=\"wp-block-kadence-column kadence-column2601_768dd2-60\"><div class=\"kt-inside-inner-col\"><\/div><\/div>\n\n\n<style>.kadence-column2601_cc97eb-5d > .kt-inside-inner-col,.kadence-column2601_cc97eb-5d > .kt-inside-inner-col:before{border-top-left-radius:0px;border-top-right-radius:0px;border-bottom-right-radius:0px;border-bottom-left-radius:0px;}.kadence-column2601_cc97eb-5d > .kt-inside-inner-col{column-gap:var(--global-kb-gap-sm, 1rem);}.kadence-column2601_cc97eb-5d > .kt-inside-inner-col{flex-direction:column;}.kadence-column2601_cc97eb-5d > .kt-inside-inner-col > .aligncenter{width:100%;}.kadence-column2601_cc97eb-5d > .kt-inside-inner-col:before{opacity:0.3;}.kadence-column2601_cc97eb-5d{position:relative;}@media all and (max-width: 1024px){.kadence-column2601_cc97eb-5d > .kt-inside-inner-col{flex-direction:column;justify-content:center;}}@media all and (max-width: 767px){.kadence-column2601_cc97eb-5d > .kt-inside-inner-col{flex-direction:column;justify-content:center;}}<\/style>\n<div class=\"wp-block-kadence-column kadence-column2601_cc97eb-5d\"><div class=\"kt-inside-inner-col\">\n<figure class=\"wp-block-video\"><video height=\"1080\" style=\"aspect-ratio: 1920 \/ 1080;\" width=\"1920\" controls src=\"https:\/\/stahlvverk.dk\/wp-content\/uploads\/2023\/12\/Bananas_complete.mp4\"><\/video><figcaption class=\"wp-element-caption\"><strong>K\u00f8bsmoms<\/strong><\/figcaption><\/figure>\n<\/div><\/div>\n\n\n<style>.kadence-column2601_7817e9-8a > .kt-inside-inner-col,.kadence-column2601_7817e9-8a > .kt-inside-inner-col:before{border-top-left-radius:0px;border-top-right-radius:0px;border-bottom-right-radius:0px;border-bottom-left-radius:0px;}.kadence-column2601_7817e9-8a > .kt-inside-inner-col{column-gap:var(--global-kb-gap-sm, 1rem);}.kadence-column2601_7817e9-8a > .kt-inside-inner-col{flex-direction:column;}.kadence-column2601_7817e9-8a > .kt-inside-inner-col > .aligncenter{width:100%;}.kadence-column2601_7817e9-8a > .kt-inside-inner-col:before{opacity:0.3;}.kadence-column2601_7817e9-8a{position:relative;}@media all and (max-width: 1024px){.kadence-column2601_7817e9-8a > .kt-inside-inner-col{flex-direction:column;justify-content:center;}}@media all and (max-width: 767px){.kadence-column2601_7817e9-8a > .kt-inside-inner-col{flex-direction:column;justify-content:center;}}<\/style>\n<div class=\"wp-block-kadence-column kadence-column2601_7817e9-8a\"><div class=\"kt-inside-inner-col\"><\/div><\/div>\n\n<\/div><\/div>","protected":false},"excerpt":{"rendered":"<p>Videoer Her kan du se forskellige sm\u00e5 videoer, der kort forklarer nogle grundl\u00e6ggende begreber inden for regnskab, bogf\u00f8ring og andet. Jeg vil l\u00f8bende tilf\u00f8je flere videoer, i takt med at jeg f\u00e5r dem lavet \ud83d\ude42<\/p>","protected":false},"author":1,"featured_media":0,"parent":2339,"menu_order":3,"comment_status":"closed","ping_status":"closed","template":"","meta":{"_kad_post_transparent":"","_kad_post_title":"hide","_kad_post_layout":"","_kad_post_sidebar_id":"","_kad_post_content_style":"","_kad_post_vertical_padding":"","_kad_post_feature":"","_kad_post_feature_position":"","_kad_post_header":false,"_kad_post_footer":false,"_kad_post_classname":"","footnotes":""},"class_list":["post-2601","page","type-page","status-publish","hentry"],"_links":{"self":[{"href":"https:\/\/stahlvverk.dk\/en\/wp-json\/wp\/v2\/pages\/2601","targetHints":{"allow":["GET"]}}],"collection":[{"href":"https:\/\/stahlvverk.dk\/en\/wp-json\/wp\/v2\/pages"}],"about":[{"href":"https:\/\/stahlvverk.dk\/en\/wp-json\/wp\/v2\/types\/page"}],"author":[{"embeddable":true,"href":"https:\/\/stahlvverk.dk\/en\/wp-json\/wp\/v2\/users\/1"}],"replies":[{"embeddable":true,"href":"https:\/\/stahlvverk.dk\/en\/wp-json\/wp\/v2\/comments?post=2601"}],"version-history":[{"count":4,"href":"https:\/\/stahlvverk.dk\/en\/wp-json\/wp\/v2\/pages\/2601\/revisions"}],"predecessor-version":[{"id":2756,"href":"https:\/\/stahlvverk.dk\/en\/wp-json\/wp\/v2\/pages\/2601\/revisions\/2756"}],"up":[{"embeddable":true,"href":"https:\/\/stahlvverk.dk\/en\/wp-json\/wp\/v2\/pages\/2339"}],"wp:attachment":[{"href":"https:\/\/stahlvverk.dk\/en\/wp-json\/wp\/v2\/media?parent=2601"}],"curies":[{"name":"wp","href":"https:\/\/api.w.org\/{rel}","templated":true}]}}